{"id":85,"date":"2021-10-14T17:13:42","date_gmt":"2021-10-14T17:13:42","guid":{"rendered":"https:\/\/carsharing-hohen-neuendorf.de\/wordpress\/?page_id=85"},"modified":"2025-11-07T16:17:15","modified_gmt":"2025-11-07T17:17:15","slug":"fahrzeuge","status":"publish","type":"page","link":"https:\/\/www.carsharing-hohen-neuendorf.de\/index.php\/fahrzeuge\/","title":{"rendered":"Fahrzeuge"},"content":{"rendered":"\n<p class=\"has-black-color has-text-color has-medium-font-size\">Unser Verein verf\u00fcgt aktuell \u00fcber folgende Fahrzeuge:<\/p>\n\n\n\n<p class=\"has-vivid-red-color has-text-color\"><\/p>\n\n\n\n<figure class=\"wp-block-table is-style-regular has-medium-font-size\"><table class=\"has-black-color has-text-color\"><tbody><tr><td><strong>Zoe M\u00e4dchenviertel<\/strong><br><br>Renault Zoe ZE50 (BJ 2020)<br>Hohen Neuendorf M\u00e4dchenviertel<br>K\u00e4the-Kollwitz-Str. 23<br><a href=\"https:\/\/carsharing-deutschland.de\/\" data-type=\"link\" data-id=\"https:\/\/carsharing-deutschland.de\/\">Fahrzeug buchen<\/a><br><a href=\"https:\/\/www.carsharing-hohen-neuendorf.de\/wp-content\/uploads\/2025\/11\/Handbuch-OHV-ZE-13E.pdf\" data-type=\"attachment\" data-id=\"1033\">Anleitung<\/a><br><br>Planbare Reichweite: 300 km<br>keine Schnellladef\u00e4higkeit, maximal 22 kW (AC)<br>Bei etwas Vorplanung f\u00fcr \u00fcberregionale Fahrten geeignet.<\/td><td><a href=\"https:\/\/maps.app.goo.gl\/r5825C2hW5i6wqGz9\" target=\"_blank\" rel=\"noreferrer noopener\"><img decoding=\"async\" src=\"https:\/\/www.carsharing-hohen-neuendorf.de\/wp-content\/uploads\/2023\/04\/OpenStreetMap_Standort_Proace.jpg\" alt=\"\"><\/a><\/td><td><img decoding=\"async\" style=\"width: 500px;\" src=\"https:\/\/www.carsharing-hohen-neuendorf.de\/wp-content\/uploads\/2023\/10\/grafik-1024x762.png\" alt=\"\"><\/td><\/tr><tr><td><strong>ZOE Borgsdorf<\/strong><br><br>Renault Zoe ZE50 (BJ 2020)<br>S-Bahnhof Borgsdorf<br><a href=\"https:\/\/carsharing-deutschland.de\/\">Fahrzeug buchen<\/a><br><a href=\"https:\/\/www.carsharing-hohen-neuendorf.de\/wp-content\/uploads\/2025\/11\/Anleitung-Zoe-Borgsdorf.pdf\" data-type=\"attachment\" data-id=\"1036\">Anleitung<\/a><br><br>Planbare Reichweite: 300 km<br>CCS Schnellladef\u00e4higkeit bis 50 kW<br>Bei etwas Vorplanung auch f\u00fcr lange \u00fcberregionale Fahrten geeignet.<br><\/td><td><a href=\"https:\/\/maps.app.goo.gl\/AgpkLozVAqyADJWw7\" target=\"_blank\" rel=\"noreferrer noopener\"><img loading=\"lazy\" decoding=\"async\" width=\"500\" height=\"496\" class=\"wp-image-175\" style=\"width: 500px;\" src=\"https:\/\/carsharing-hohen-neuendorf.de\/wordpress\/wp-content\/uploads\/2022\/02\/OpenMapStandort_Zoe.jpg\" alt=\"\" srcset=\"https:\/\/www.carsharing-hohen-neuendorf.de\/wp-content\/uploads\/2022\/02\/OpenMapStandort_Zoe.jpg 607w, https:\/\/www.carsharing-hohen-neuendorf.de\/wp-content\/uploads\/2022\/02\/OpenMapStandort_Zoe-300x298.jpg 300w, https:\/\/www.carsharing-hohen-neuendorf.de\/wp-content\/uploads\/2022\/02\/OpenMapStandort_Zoe-150x150.jpg 150w\" sizes=\"auto, (max-width: 500px) 100vw, 500px\" \/><\/a><\/td><td><img loading=\"lazy\" decoding=\"async\" width=\"500\" height=\"413\" class=\"wp-image-561\" style=\"width: 500px;\" src=\"https:\/\/carsharing-hohen-neuendorf.de\/wordpress\/wp-content\/uploads\/2022\/06\/Photo-2022-05-29-14-27-20_1178_web-1.png\" alt=\"Zoe am S-Bahnhof Borgsdorf\" srcset=\"https:\/\/www.carsharing-hohen-neuendorf.de\/wp-content\/uploads\/2022\/06\/Photo-2022-05-29-14-27-20_1178_web-1.png 856w, https:\/\/www.carsharing-hohen-neuendorf.de\/wp-content\/uploads\/2022\/06\/Photo-2022-05-29-14-27-20_1178_web-1-300x248.png 300w, https:\/\/www.carsharing-hohen-neuendorf.de\/wp-content\/uploads\/2022\/06\/Photo-2022-05-29-14-27-20_1178_web-1-768x634.png 768w\" sizes=\"auto, (max-width: 500px) 100vw, 500px\" \/><\/td><\/tr><tr><td><strong>PROACE<\/strong><br><br>Toyota Proace (BJ 2017)<br>S-Bahnhof Hohen Neuendorf<br><a href=\"https:\/\/carsharing-deutschland.de\/\" data-type=\"link\" data-id=\"https:\/\/carsharing-deutschland.de\/\">Fahrzeug buchen<\/a><br><br>Planbare Reichweite: 1.000 km<br>Platz f\u00fcr bis zu 9 Personen<br>Diesel<br>F\u00fcr lange \u00fcberregionale Fahrten geeignet.<\/td><td><a href=\"https:\/\/maps.app.goo.gl\/LDmiMAm883EdUy4K7\" target=\"_blank\" rel=\"noreferrer noopener\"><img decoding=\"async\" src=\"https:\/\/www.carsharing-hohen-neuendorf.de\/wp-content\/uploads\/2023\/11\/image-1-1024x913.png\" alt=\"\"><\/a><\/td><td><img decoding=\"async\" src=\"https:\/\/www.carsharing-hohen-neuendorf.de\/wp-content\/uploads\/2023\/11\/image.png\" alt=\"\" style=\"width: 500px;\"><\/td><\/tr><tr><td><strong>Model 3<\/strong><br><a href=\"https:\/\/www.carsharing-hohen-neuendorf.de\/wp-content\/uploads\/2025\/11\/Anleitung-Tesla.pdf\" data-type=\"attachment\" data-id=\"1031\">Anleitung<\/a><br><br>Tesla Model 3 (BJ 2020)<br>S-Bahnhof Hohen Neuendorf<br><br>Planbare Reichweite: 350 km<br>Tesla Supercharger, voll in &lt; 30 min<br>F\u00fcr unbegrenzt lange Fahrten geeignet<br><br>Ab August 2025 ist unser Tesla nur noch f\u00fcr Kunden von Carsharing Hohen Neuendorf und nicht mehr in der Quernutzung verf\u00fcgbar.<\/td><td><a href=\"https:\/\/maps.app.goo.gl\/3bj17uDruwt75b6q7\" target=\"_blank\" rel=\"noreferrer noopener\"><\/a><a href=\"https:\/\/maps.app.goo.gl\/LDmiMAm883EdUy4K7\" target=\"_blank\" rel=\"noreferrer noopener\"><img decoding=\"async\" src=\"https:\/\/www.carsharing-hohen-neuendorf.de\/wp-content\/uploads\/2023\/11\/image-1-1024x913.png\" alt=\"\"><\/a><\/td><td><img loading=\"lazy\" decoding=\"async\" width=\"500\" height=\"525\" class=\"wp-image-834\" style=\"width: 500px;\" src=\"https:\/\/www.carsharing-hohen-neuendorf.de\/wp-content\/uploads\/2024\/04\/Tesla.png\" alt=\"Tesla Model 3\" srcset=\"https:\/\/www.carsharing-hohen-neuendorf.de\/wp-content\/uploads\/2024\/04\/Tesla.png 1302w, https:\/\/www.carsharing-hohen-neuendorf.de\/wp-content\/uploads\/2024\/04\/Tesla-286x300.png 286w, https:\/\/www.carsharing-hohen-neuendorf.de\/wp-content\/uploads\/2024\/04\/Tesla-975x1024.png 975w, https:\/\/www.carsharing-hohen-neuendorf.de\/wp-content\/uploads\/2024\/04\/Tesla-768x807.png 768w\" sizes=\"auto, (max-width: 500px) 100vw, 500px\" \/><\/td><\/tr><\/tbody><\/table><\/figure>\n\n\n\n<p class=\"has-black-color has-text-color\"><a href=\"https:\/\/www.carsharing-hohen-neuendorf.de\/wp-content\/uploads\/2024\/06\/Broschuere-2024-V1.2.pdf\" data-type=\"attachment\" data-id=\"882\" target=\"_blank\" rel=\"noreferrer noopener\">Aktuelle Brosch\u00fcre<\/a><\/p>\n\n\n\n<p><\/p>\n","protected":false},"excerpt":{"rendered":"<p>Unser Verein verf\u00fcgt aktuell \u00fcber folgende Fahrzeuge: Zoe M\u00e4dchenviertel Renault Zoe ZE50 (BJ 2020)Hohen Neuendorf M\u00e4dchenviertelK\u00e4the-Kollwitz-Str. 23Fahrzeug buchenAnleitung Planbare Reichweite: 300 kmkeine Schnellladef\u00e4higkeit, maximal 22 kW (AC)Bei etwas Vorplanung f\u00fcr \u00fcberregionale Fahrten geeignet. ZOE Borgsdorf Renault Zoe ZE50 (BJ 2020)S-Bahnhof BorgsdorfFahrzeug buchenAnleitung Planbare Reichweite: 300 kmCCS Schnellladef\u00e4higkeit bis 50 kWBei etwas Vorplanung auch f\u00fcr lange [&hellip;]<\/p>\n","protected":false},"author":1,"featured_media":0,"parent":0,"menu_order":0,"comment_status":"closed","ping_status":"closed","template":"","meta":{"_regular_price":[],"currency_symbol":[],"footnotes":""},"class_list":["post-85","page","type-page","status-publish","hentry"],"post_slider_layout_featured_media_urls":{"thumbnail":"","post_slider_layout_landscape_large":"","post_slider_layout_portrait_large":"","post_slider_layout_square_large":"","post_slider_layout_landscape":"","post_slider_layout_portrait":"","post_slider_layout_square":"","full":""},"_links":{"self":[{"href":"https:\/\/www.carsharing-hohen-neuendorf.de\/index.php\/wp-json\/wp\/v2\/pages\/85","targetHints":{"allow":["GET"]}}],"collection":[{"href":"https:\/\/www.carsharing-hohen-neuendorf.de\/index.php\/wp-json\/wp\/v2\/pages"}],"about":[{"href":"https:\/\/www.carsharing-hohen-neuendorf.de\/index.php\/wp-json\/wp\/v2\/types\/page"}],"author":[{"embeddable":true,"href":"https:\/\/www.carsharing-hohen-neuendorf.de\/index.php\/wp-json\/wp\/v2\/users\/1"}],"replies":[{"embeddable":true,"href":"https:\/\/www.carsharing-hohen-neuendorf.de\/index.php\/wp-json\/wp\/v2\/comments?post=85"}],"version-history":[{"count":60,"href":"https:\/\/www.carsharing-hohen-neuendorf.de\/index.php\/wp-json\/wp\/v2\/pages\/85\/revisions"}],"predecessor-version":[{"id":1037,"href":"https:\/\/www.carsharing-hohen-neuendorf.de\/index.php\/wp-json\/wp\/v2\/pages\/85\/revisions\/1037"}],"wp:attachment":[{"href":"https:\/\/www.carsharing-hohen-neuendorf.de\/index.php\/wp-json\/wp\/v2\/media?parent=85"}],"curies":[{"name":"wp","href":"https:\/\/api.w.org\/{rel}","templated":true}]}}