{"id":527,"date":"2022-06-02T15:07:44","date_gmt":"2022-06-02T16:07:44","guid":{"rendered":"https:\/\/carsharing-hohen-neuendorf.de\/wordpress\/?page_id=527"},"modified":"2025-04-07T12:31:30","modified_gmt":"2025-04-07T13:31:30","slug":"tarife","status":"publish","type":"page","link":"https:\/\/www.carsharing-hohen-neuendorf.de\/index.php\/tarife\/","title":{"rendered":"Tarife"},"content":{"rendered":"\n<p>Unsere Fahrzeuge lassen sich in 3 verschiedenen Tarifen nutzen. Ein Tarifwechsel ist jederzeit gegen eine Bearbeitungsgeb\u00fchr von 15 \u20ac m\u00f6glich.<\/p>\n\n\n\n<figure class=\"wp-block-table is-style-stripes has-medium-font-size\"><table class=\"has-black-color has-text-color has-fixed-layout\"><thead><tr><th><a href=\"https:\/\/www.carsharing-hohen-neuendorf.de\/index.php\/start-tarif\/\" data-type=\"page\" data-id=\"863\">Start<\/a><\/th><th><strong><a href=\"https:\/\/carsharing-hohen-neuendorf.de\/wordpress\/index.php\/basistarif\/\">Basis<\/a><\/strong><\/th><th><strong><a href=\"https:\/\/carsharing-hohen-neuendorf.de\/wordpress\/index.php\/vielfahrtarif\/\" data-type=\"page\" data-id=\"136\">Vielfahrer<\/a><\/strong><\/th><\/tr><\/thead><tbody><tr><td>Unser Einstiegstarif f\u00fcr seltene Nutzung<\/td><td>Unser Basistarif f\u00fcr normale Nutzung<\/td><td>Unser Tarif f\u00fcr alle, die h\u00e4ufiger fahren <\/td><\/tr><tr><td>Stundenpreis ab 4,50 \u20ac<br>Kilometerpreis ab 32 Cent<\/td><td>Stundenpreis ab 3,20 \u20ac<br>Kilometerpreis ab 31 Cent<\/td><td>Stundenpreis ab 2,40 \u20ac<br>Kilometerpreis ab 28 Cent<\/td><\/tr><tr><td>keine Grundgeb\u00fchr<\/td><td>monatliche Grundgeb\u00fchr von 8 \u20ac<\/td><td>monatliche Grundgeb\u00fchr von 27 \u20ac<\/td><\/tr><tr><td>Aufnahmegeb\u00fchr 40 \u20ac <br>(Menschen in Ausbildung 20 \u20ac)<\/td><td>Aufnahmegeb\u00fchr 40 \u20ac <br>(Menschen in Ausbildung 20 \u20ac)<\/td><td>Aufnahmegeb\u00fchr 40 \u20ac <br>(Menschen in Ausbildung 20 \u20ac)<\/td><\/tr><\/tbody><\/table><\/figure>\n\n\n\n<p><\/p>\n\n\n\n<div class=\"wp-block-buttons is-content-justification-center is-layout-flex wp-container-core-buttons-is-layout-16018d1d wp-block-buttons-is-layout-flex\">\n<div class=\"wp-block-button has-custom-font-size has-medium-font-size\"><a class=\"wp-block-button__link wp-element-button\" href=\"https:\/\/de1.cantamen.de\/pub\/okw\/form?orgnr=138&amp;package=&amp;authKey=de3ac4af-8675-66f7-6cb6-bd8e83094b64&amp;product=einzel_wok\">Jetzt registrieren<\/a><\/div>\n<\/div>\n\n\n\n<p><\/p>\n","protected":false},"excerpt":{"rendered":"<p>Unsere Fahrzeuge lassen sich in 3 verschiedenen Tarifen nutzen. Ein Tarifwechsel ist jederzeit gegen eine Bearbeitungsgeb\u00fchr von 15 \u20ac m\u00f6glich. Start Basis Vielfahrer Unser Einstiegstarif f\u00fcr seltene Nutzung Unser Basistarif f\u00fcr normale Nutzung Unser Tarif f\u00fcr alle, die h\u00e4ufiger fahren Stundenpreis ab 4,50 \u20acKilometerpreis ab 32 Cent Stundenpreis ab 3,20 \u20acKilometerpreis ab 31 Cent Stundenpreis [&hellip;]<\/p>\n","protected":false},"author":1,"featured_media":0,"parent":0,"menu_order":0,"comment_status":"closed","ping_status":"closed","template":"","meta":{"_regular_price":[],"currency_symbol":[],"footnotes":""},"class_list":["post-527","page","type-page","status-publish","hentry"],"post_slider_layout_featured_media_urls":{"thumbnail":"","post_slider_layout_landscape_large":"","post_slider_layout_portrait_large":"","post_slider_layout_square_large":"","post_slider_layout_landscape":"","post_slider_layout_portrait":"","post_slider_layout_square":"","full":""},"_links":{"self":[{"href":"https:\/\/www.carsharing-hohen-neuendorf.de\/index.php\/wp-json\/wp\/v2\/pages\/527","targetHints":{"allow":["GET"]}}],"collection":[{"href":"https:\/\/www.carsharing-hohen-neuendorf.de\/index.php\/wp-json\/wp\/v2\/pages"}],"about":[{"href":"https:\/\/www.carsharing-hohen-neuendorf.de\/index.php\/wp-json\/wp\/v2\/types\/page"}],"author":[{"embeddable":true,"href":"https:\/\/www.carsharing-hohen-neuendorf.de\/index.php\/wp-json\/wp\/v2\/users\/1"}],"replies":[{"embeddable":true,"href":"https:\/\/www.carsharing-hohen-neuendorf.de\/index.php\/wp-json\/wp\/v2\/comments?post=527"}],"version-history":[{"count":22,"href":"https:\/\/www.carsharing-hohen-neuendorf.de\/index.php\/wp-json\/wp\/v2\/pages\/527\/revisions"}],"predecessor-version":[{"id":1004,"href":"https:\/\/www.carsharing-hohen-neuendorf.de\/index.php\/wp-json\/wp\/v2\/pages\/527\/revisions\/1004"}],"wp:attachment":[{"href":"https:\/\/www.carsharing-hohen-neuendorf.de\/index.php\/wp-json\/wp\/v2\/media?parent=527"}],"curies":[{"name":"wp","href":"https:\/\/api.w.org\/{rel}","templated":true}]}}