{"id":52,"date":"2021-08-11T21:07:46","date_gmt":"2021-08-11T21:07:46","guid":{"rendered":"https:\/\/carsharing-hohen-neuendorf.de\/wordpress\/?page_id=52"},"modified":"2026-03-21T10:12:11","modified_gmt":"2026-03-21T11:12:11","slug":"verein","status":"publish","type":"page","link":"https:\/\/www.carsharing-hohen-neuendorf.de\/index.php\/verein\/","title":{"rendered":"Verein"},"content":{"rendered":"\n<h2 class=\"wp-block-heading\" id=\"grundungsimpuls\">Vereinsgr\u00fcndung<\/h2>\n\n\n\n<p class=\"has-black-color has-text-color\">Unser Verein wurde am 01.01.2021 gegr\u00fcndet und im Juni 2021 in das Vereinsregister (Amtsgericht Neuruppin) eingetragen.<\/p>\n\n\n\n<p class=\"has-black-color has-text-color\">Unsere aktuelle <a href=\"https:\/\/www.carsharing-hohen-neuendorf.de\/wp-content\/uploads\/2024\/03\/Satzung_Carsharing_HN_V1.4.pdf\" data-type=\"attachment\" data-id=\"802\">Satzung<\/a> wurde am 24.01.2024 beschlossen.<\/p>\n\n\n\n<p class=\"has-black-color has-text-color\">Der Verein m\u00f6chte allen Menschen in Hohen Neuendorf ein Plattform bieten, um bisher privat genutzte Erst- und Zweitwagen mit anderen zu teilen.<br>Unsere Arbeit erfolgt ausschlie\u00dflich ehrenamtlich und der Verein soll keine Gewinne machen. Alle Einnahmen flie\u00dfen in den Ausbau des Angebotes in Hohen Neuendorf und Oberhavel.  <\/p>\n\n\n\n<p class=\"has-black-color has-text-color\">Wir wollen mit dem Carsharing unseren Beitrag zur Mobilit\u00e4tswende leisten, indem wir jedem Einwohner und jeder Einwohnerin von Hohen Neuendorf eine Alternative zum Privatbesitz eines Autos anbieten.<\/p>\n\n\n\n<p class=\"has-black-color has-text-color\">Wir sind \u00fcberzeugt, dass wir Hohen Neuendorf f\u00fcr alle Menschen lebenswerter machen k\u00f6nnen, wenn die verf\u00fcgbaren Fl\u00e4chen gleichm\u00e4\u00dfiger und gerechter auf alle Verkehrsmittel verteilt werden.<\/p>\n\n\n\n<p class=\"has-black-color has-text-color\">Wir glauben, dass Fu\u00dfg\u00e4nger, Radfahrer, andere Verkehrsteilnehmer und der \u00d6PNV mehr Fl\u00e4che brauchen, und daher langfristig der \u00f6ffentliche Parkraum f\u00fcr PKWs verringert werden sollte.<\/p>\n\n\n\n<h2 class=\"wp-block-heading has-black-color has-text-color\" id=\"grundungsimpuls\">Gr\u00fcndungsimpuls<\/h2>\n\n\n\n<p class=\"has-black-color has-text-color\">Integriertes <a href=\"https:\/\/klimaschutz.hohen-neuendorf.de\/sites\/klimaschutz.hohen-neuendorf.de\/files\/beteiligungsverfahren\/klimaschutzkonzept_hohenneuendorf_0.pdf\">Klimaschutzkonzept<\/a> der Stadt Hohen Neuendorf (2013)<br>Erkl\u00e4rung <a href=\"https:\/\/www.pressreader.com\/germany\/maerkischer-zeitungsverlag-oranienburger-generalanzeiger\/20190831\/281590947237278\">Klimanotstand<\/a> (2019)<br>Energiepolitisches <a href=\"https:\/\/klimaschutz.hohen-neuendorf.de\/sites\/klimaschutz.hohen-neuendorf.de\/files\/beteiligungsverfahren\/energiepolitisches_arbeitsprogramm_2020.pdf\">Arbeitsprogramm<\/a> der Stadt (2020) mit expliziter Erw\u00e4hnung der F\u00f6rderung des CarSharings als Aufgabe der Stadt<br>Unser Eindruck: \u201eEs tut sich zu wenig und das Wenige tut sich zu langsam!\u201c<\/p>\n\n\n\n<h2 class=\"wp-block-heading has-black-color has-text-color\" id=\"meilensteine\">Meilensteine<\/h2>\n\n\n\n<p class=\"has-black-color has-text-color\">01.01.2021: Gr\u00fcndung des Vereins mit 9 Mitgliedern<\/p>\n\n\n\n<p class=\"has-black-color has-text-color\">30.06.2021: Eintragung in das Vereinsregister, Amtsgericht Neuruppin<\/p>\n\n\n\n<p class=\"has-black-color has-text-color\">30.06.2021: Erste \u00f6ffentliche Berichterstattung im Oranienburger Generalanzeiger (<a rel=\"noreferrer noopener\" href=\"https:\/\/www.moz.de\/lokales\/oranienburg\/auto-und-verkehr-carsharing-im-verein-_-an-den-s-bahnhoefen-von-hohen-neuendorf-57785407.html\" data-type=\"URL\" data-id=\"https:\/\/www.moz.de\/lokales\/oranienburg\/auto-und-verkehr-carsharing-im-verein-_-an-den-s-bahnhoefen-von-hohen-neuendorf-57785407.html\" target=\"_blank\">Online-Artikel<\/a>)<\/p>\n\n\n\n<p class=\"has-black-color has-text-color\">20.02.2022: Berichterstattung zur bevorstehenden Aufnahme des CarSharing-Betriebs (Oranienburger Generalanzeiger <a rel=\"noreferrer noopener\" href=\"https:\/\/www.moz.de\/lokales\/oranienburg\/carsharing-in-hohen-neuendorf-verein-startet-am-22.2.22-mit-e-auto-in-die-verkehrswende-62789925.html\" target=\"_blank\">Online-Artikel<\/a>)<\/p>\n\n\n\n<p class=\"has-black-color has-text-color\">21.02.2022: Berichterstattung zur bevorstehenden Aufnahme des CarSharing-Betriebs (M\u00e4rkische Allgemeine Zeitung <a rel=\"noreferrer noopener\" href=\"https:\/\/www.maz-online.de\/Lokales\/Oberhavel\/Hohen-Neuendorf\/Verein-startet-Carsharing-Erstes-Fahrzeug-wird-am-S-Bahnhof-Hohen-Neuendorf-in-Betrieb-genommen\" target=\"_blank\">Online-Artikel<\/a>)<\/p>\n\n\n\n<p class=\"has-black-color has-text-color\">22.02.2022: Erstes Fahrzeug &#8222;EGOLF&#8220; geht am S-Bahnhof Hohen Neuendorf in Betrieb (<a rel=\"noreferrer noopener\" href=\"https:\/\/carsharing-hohen-neuendorf.de\/wordpress\/wp-content\/uploads\/2022\/02\/2022_02_17_PM_Erstes_Fahrzeug.pdf\" target=\"_blank\">Pressemitteilung<\/a>)<\/p>\n\n\n\n<p class=\"has-black-color has-text-color\">11.03.2022: Zweites Fahrzeug &#8222;ZOE&#8220; geht offiziell am S-Bahnhof Borgsdorf in Betrieb (<a rel=\"noreferrer noopener\" href=\"https:\/\/carsharing-hohen-neuendorf.de\/wordpress\/wp-content\/uploads\/2022\/03\/2022_03_12_PM_Zweites_Fahrzeug_Taufe.pdf\" target=\"_blank\">Pressemitteilung<\/a>)<\/p>\n\n\n\n<p class=\"has-black-color has-text-color\">17.03.2022: Berichterstattung \u00fcber das zweite Fahrzeug (Markische Allgemeine Zeitung  <a rel=\"noreferrer noopener\" href=\"https:\/\/carsharing-hohen-neuendorf.de\/wordpress\/wp-content\/uploads\/2022\/03\/2022_03_17_MAZ_Zoe_Taufe.jpg\" target=\"_blank\">Artikel<\/a>  <a rel=\"noreferrer noopener\" href=\"https:\/\/www.maz-online.de\/Lokales\/Oberhavel\/Hohen-Neuendorf\/Hohen-Neuendorfer-Verein-tauft-weiteres-Fahrzeug-Carsharing-jetzt-auch-in-Borgsdorf\" target=\"_blank\">Online-Artikel<\/a>)<\/p>\n\n\n\n<p class=\"has-black-color has-text-color\">23.03.2022: Aufnahme von Informationen zum Carsharing-Verein in die Internetpr\u00e4senz der Stadt Hohen Neuendorf im Bereich <a rel=\"noreferrer noopener\" href=\"https:\/\/klimaschutz.hohen-neuendorf.de\/de\/mobilitat\/carsharing\" target=\"_blank\">Klimaschutz<\/a> <\/p>\n\n\n\n<p class=\"has-black-color has-text-color\">01.06.2022: Vollumf\u00e4ngliche Inbetriebnahme der Flinkster-Plattform (Buchung, Fahrbeginn und -Ende, sowie Abrechnung per App)<\/p>\n\n\n\n<p class=\"has-black-color has-text-color\">25.02.2023: Inbetriebnahme unseres dritten Fahrzeugs (&#8222;PROACE&#8220;, Bus mit 9 Sitzen) an der Station M\u00e4dchenviertel<\/p>\n\n\n\n<p class=\"has-black-color has-text-color\">14.04.2023: Berichterstattung zum Carsharing in Oberhavel und Hohen Neuendorf im Oranienburger Generalanzeiger (<a rel=\"noreferrer noopener\" href=\"https:\/\/www.moz.de\/lokales\/oranienburg\/auto-mieten-in-oberhavel-carsharing-bisher-mangelware-_-warum-das-so-bleibt-und-wo-es-dennoch-angebote-gibt-70174563.html\" target=\"_blank\">Online Artikel<\/a>) (<a rel=\"noreferrer noopener\" href=\"https:\/\/www.carsharing-hohen-neuendorf.de\/wp-content\/uploads\/2023\/04\/2023_04_14_OGA_Artikel.pdf\" data-type=\"attachment\" data-id=\"650\" target=\"_blank\">PDF<\/a>)<\/p>\n\n\n\n<p class=\"has-black-color has-text-color\">11.09.2023: Inbetriebnahme unseres vierten Fahrzeugs (&#8222;ZOE II&#8220;) an der Station S-Bahnhof Bergfelde in Kooperation mit <a rel=\"noreferrer noopener\" href=\"http:\/\/www.immo-schuh-berlin.de\/PDF\/Projektbeschreibung.pdf\" target=\"_blank\">Immo-Schuh-Berlin<\/a><\/p>\n\n\n\n<p class=\"has-black-color has-text-color\">24.10.2023: Berichterstattung \u00fcber das vierte Fahrzeug im Oranienburger Generalanzeiger (<a href=\"https:\/\/www.carsharing-hohen-neuendorf.de\/wp-content\/uploads\/2023\/10\/2023-10-24-HNd-Car-Sharing-Verein-jetzt-auch-in-Bergfelde.jpg\" data-type=\"attachment\" data-id=\"758\" target=\"_blank\" rel=\"noreferrer noopener\">Artikel<\/a>)<\/p>\n\n\n\n<p class=\"has-black-color has-text-color\">08.04.2024: Inbetriebnahme unseres f\u00fcnften Fahrzeugs (Tesla Model 3)<\/p>\n\n\n\n<p class=\"has-black-color has-text-color has-link-color wp-elements-818452dc307ab87440015105dff89313\">27.06.2024: Migration auf die neue Buchungsplattform, Abschied von Flinkster<\/p>\n\n\n\n<p class=\"has-black-color has-text-color has-link-color wp-elements-247d5d4c87a201a22391c0b117baf50d\">24.09.2024: Vertrag mit der Stadt Hohen Neuendorf f\u00fcr exklusive Stell- und Ladepl\u00e4tze (<a href=\"https:\/\/hohen-neuendorf.de\/de\/stadt-leben\/aktuelles\/carsharing-fur-eine-nachhaltigere-mobilitat\" data-type=\"link\" data-id=\"https:\/\/hohen-neuendorf.de\/de\/stadt-leben\/aktuelles\/carsharing-fur-eine-nachhaltigere-mobilitat\">Pressemitteilung<\/a>)<\/p>\n\n\n\n<p class=\"has-black-color has-text-color has-link-color wp-elements-133bec60ed4c519a390a240120a77918\">03.03.2025: 100. Nutzungsvertrag <a href=\"https:\/\/www.carsharing-hohen-neuendorf.de\/wp-content\/uploads\/2025\/03\/2025-03-03-PM-100.-Nutzervertrag.pdf\" data-type=\"attachment\" data-id=\"987\">(Pressemitteilung)<\/a><\/p>\n\n\n\n<p><\/p>\n\n\n\n<p><\/p>\n\n\n\n<p><\/p>\n\n\n\n<h2 class=\"wp-block-heading has-black-color has-text-color\" id=\"grundungsimpuls\">Satzung und andere Dokumente<\/h2>\n\n\n\n<p class=\"has-black-color has-text-color\"><a href=\"https:\/\/www.carsharing-hohen-neuendorf.de\/wp-content\/uploads\/2024\/03\/Satzung_Carsharing_HN_V1.4.pdf\" data-type=\"attachment\" data-id=\"802\" target=\"_blank\" rel=\"noreferrer noopener\">Vereinssatzung<\/a><br><a href=\"https:\/\/www.carsharing-hohen-neuendorf.de\/wp-content\/uploads\/2026\/03\/Gebuehrenordnung_Carsharing_HN_V1.11.pdf\" data-type=\"link\" data-id=\"https:\/\/www.carsharing-hohen-neuendorf.de\/wp-content\/uploads\/2026\/03\/Gebuehrenordnung_Carsharing_HN_V1.11.pdf\">Ge\u00fchrenordnung<\/a><br><a href=\"https:\/\/www.carsharing-hohen-neuendorf.de\/wp-content\/uploads\/2024\/05\/Nutzungsbedingungen_Carsharing_HN_V1.3.pdf\" data-type=\"attachment\" data-id=\"845\" target=\"_blank\" rel=\"noreferrer noopener\">Nutzungsbedingungen<\/a><br><a href=\"https:\/\/www.carsharing-hohen-neuendorf.de\/wp-content\/uploads\/2024\/03\/Nutzervertrag_Carsharing_Hohen_Neuendorf_V1.2.pdf\" data-type=\"attachment\" data-id=\"818\" target=\"_blank\" rel=\"noreferrer noopener\">Nutzervertrag<\/a><br><a href=\"https:\/\/carsharing-hohen-neuendorf.de\/wordpress\/wp-content\/uploads\/2022\/02\/2021-07-02_Registereintrag_Carsharing_HohNeu_opt.pdf\" target=\"_blank\" rel=\"noreferrer noopener\">Vereinsregister Auszug<\/a><br><a href=\"https:\/\/www.carsharing-hohen-neuendorf.de\/wp-content\/uploads\/2024\/06\/Broschuere-2024-V1.2.pdf\" data-type=\"attachment\" data-id=\"882\" target=\"_blank\" rel=\"noreferrer noopener\">Aktuelle Brosch\u00fcre<\/a><\/p>\n","protected":false},"excerpt":{"rendered":"<p>Vereinsgr\u00fcndung Unser Verein wurde am 01.01.2021 gegr\u00fcndet und im Juni 2021 in das Vereinsregister (Amtsgericht Neuruppin) eingetragen. Unsere aktuelle Satzung wurde am 24.01.2024 beschlossen. Der Verein m\u00f6chte allen Menschen in Hohen Neuendorf ein Plattform bieten, um bisher privat genutzte Erst- und Zweitwagen mit anderen zu teilen.Unsere Arbeit erfolgt ausschlie\u00dflich ehrenamtlich und der Verein soll keine [&hellip;]<\/p>\n","protected":false},"author":1,"featured_media":0,"parent":0,"menu_order":0,"comment_status":"closed","ping_status":"closed","template":"","meta":{"_regular_price":[],"currency_symbol":[],"footnotes":""},"class_list":["post-52","page","type-page","status-publish","hentry"],"post_slider_layout_featured_media_urls":{"thumbnail":"","post_slider_layout_landscape_large":"","post_slider_layout_portrait_large":"","post_slider_layout_square_large":"","post_slider_layout_landscape":"","post_slider_layout_portrait":"","post_slider_layout_square":"","full":""},"_links":{"self":[{"href":"https:\/\/www.carsharing-hohen-neuendorf.de\/index.php\/wp-json\/wp\/v2\/pages\/52","targetHints":{"allow":["GET"]}}],"collection":[{"href":"https:\/\/www.carsharing-hohen-neuendorf.de\/index.php\/wp-json\/wp\/v2\/pages"}],"about":[{"href":"https:\/\/www.carsharing-hohen-neuendorf.de\/index.php\/wp-json\/wp\/v2\/types\/page"}],"author":[{"embeddable":true,"href":"https:\/\/www.carsharing-hohen-neuendorf.de\/index.php\/wp-json\/wp\/v2\/users\/1"}],"replies":[{"embeddable":true,"href":"https:\/\/www.carsharing-hohen-neuendorf.de\/index.php\/wp-json\/wp\/v2\/comments?post=52"}],"version-history":[{"count":86,"href":"https:\/\/www.carsharing-hohen-neuendorf.de\/index.php\/wp-json\/wp\/v2\/pages\/52\/revisions"}],"predecessor-version":[{"id":1056,"href":"https:\/\/www.carsharing-hohen-neuendorf.de\/index.php\/wp-json\/wp\/v2\/pages\/52\/revisions\/1056"}],"wp:attachment":[{"href":"https:\/\/www.carsharing-hohen-neuendorf.de\/index.php\/wp-json\/wp\/v2\/media?parent=52"}],"curies":[{"name":"wp","href":"https:\/\/api.w.org\/{rel}","templated":true}]}}