{"id":43,"date":"2021-08-11T21:02:24","date_gmt":"2021-08-11T21:02:24","guid":{"rendered":"https:\/\/carsharing-hohen-neuendorf.de\/wordpress\/?page_id=43"},"modified":"2024-07-03T10:45:45","modified_gmt":"2024-07-03T11:45:45","slug":"impressum","status":"publish","type":"page","link":"https:\/\/www.carsharing-hohen-neuendorf.de\/index.php\/impressum\/","title":{"rendered":"Impressum"},"content":{"rendered":"\n<h2 class=\"wp-block-heading\">Angaben gem\u00e4\u00df \u00a7 5 TMG<\/h2>\n\n\n\n<h3 class=\"wp-block-heading\">Carsharing Hohen Neuendorf e.V.<br>Unter den Eichen 60<br>16556 Hohen Neuendorf<br><br>Vereinsregister: VR 5389 NP<br>Registergericht: Amtsgericht Neuruppin<br>Steuernummer: DE345383356<\/h3>\n\n\n\n<h3 class=\"wp-block-heading\"><br>Vertreten durch:<br>Tristan Hoffmann<br>Jan G\u00fchne<\/h3>\n\n\n\n<h2 class=\"wp-block-heading\"><br>Kontakt<\/h2>\n\n\n\n<h3 class=\"wp-block-heading\">E-Mail: info@carsharing-hohen-neuendorf.de<br>Hotline: +49 511999990383 (bei dringenden Fragen w\u00e4hrend der Fahrt oder zur Buchung)<br>B\u00fcro: +49 330354 29949 (bei Fragen zur Mitgliedschaft bzw. direkt an den Verein)<br><\/h3>\n\n\n\n<p><\/p>\n\n\n\n<h2 class=\"wp-block-heading\"><br>EU-Streitschlichtung<\/h2>\n\n\n\n<h3 class=\"wp-block-heading\">Die Europ\u00e4ische Kommission stellt eine Plattform zur Online-Streitbeilegung (OS) bereit:<br><a href=\"https:\/\/ec.europa.eu\/consumers\/odr\/\">https:\/\/ec.europa.eu\/consumers\/odr\/<\/a>.<br>Unsere E-Mail-Adresse finden Sie oben im Impressum.<br><\/h3>\n\n\n\n<h2 class=\"wp-block-heading\">Verbraucherstreitbeilegung\/Universalschlichtungsstelle<\/h2>\n\n\n\n<h3 class=\"wp-block-heading\">Wir sind nicht bereit oder verpflichtet, an Streitbeilegungsverfahren vor einer<br>Verbraucherschlichtungsstelle teilzunehmen.<\/h3>\n\n\n\n<h2 class=\"wp-block-heading\"><br>Quelle: eRecht24<\/h2>\n","protected":false},"excerpt":{"rendered":"<p>Angaben gem\u00e4\u00df \u00a7 5 TMG Carsharing Hohen Neuendorf e.V.Unter den Eichen 6016556 Hohen Neuendorf Vereinsregister: VR 5389 NPRegistergericht: Amtsgericht NeuruppinSteuernummer: DE345383356 Vertreten durch:Tristan HoffmannJan G\u00fchne Kontakt E-Mail: info@carsharing-hohen-neuendorf.deHotline: +49 511999990383 (bei dringenden Fragen w\u00e4hrend der Fahrt oder zur Buchung)B\u00fcro: +49 330354 29949 (bei Fragen zur Mitgliedschaft bzw. direkt an den Verein) EU-Streitschlichtung Die Europ\u00e4ische Kommission [&hellip;]<\/p>\n","protected":false},"author":1,"featured_media":0,"parent":0,"menu_order":0,"comment_status":"closed","ping_status":"closed","template":"","meta":{"_regular_price":[],"currency_symbol":[],"footnotes":""},"class_list":["post-43","page","type-page","status-publish","hentry"],"post_slider_layout_featured_media_urls":{"thumbnail":"","post_slider_layout_landscape_large":"","post_slider_layout_portrait_large":"","post_slider_layout_square_large":"","post_slider_layout_landscape":"","post_slider_layout_portrait":"","post_slider_layout_square":"","full":""},"_links":{"self":[{"href":"https:\/\/www.carsharing-hohen-neuendorf.de\/index.php\/wp-json\/wp\/v2\/pages\/43","targetHints":{"allow":["GET"]}}],"collection":[{"href":"https:\/\/www.carsharing-hohen-neuendorf.de\/index.php\/wp-json\/wp\/v2\/pages"}],"about":[{"href":"https:\/\/www.carsharing-hohen-neuendorf.de\/index.php\/wp-json\/wp\/v2\/types\/page"}],"author":[{"embeddable":true,"href":"https:\/\/www.carsharing-hohen-neuendorf.de\/index.php\/wp-json\/wp\/v2\/users\/1"}],"replies":[{"embeddable":true,"href":"https:\/\/www.carsharing-hohen-neuendorf.de\/index.php\/wp-json\/wp\/v2\/comments?post=43"}],"version-history":[{"count":6,"href":"https:\/\/www.carsharing-hohen-neuendorf.de\/index.php\/wp-json\/wp\/v2\/pages\/43\/revisions"}],"predecessor-version":[{"id":913,"href":"https:\/\/www.carsharing-hohen-neuendorf.de\/index.php\/wp-json\/wp\/v2\/pages\/43\/revisions\/913"}],"wp:attachment":[{"href":"https:\/\/www.carsharing-hohen-neuendorf.de\/index.php\/wp-json\/wp\/v2\/media?parent=43"}],"curies":[{"name":"wp","href":"https:\/\/api.w.org\/{rel}","templated":true}]}}