{"id":377,"date":"2022-02-17T06:45:11","date_gmt":"2022-02-17T07:45:11","guid":{"rendered":"https:\/\/carsharing-hohen-neuendorf.de\/wordpress\/?page_id=377"},"modified":"2025-04-07T09:09:43","modified_gmt":"2025-04-07T10:09:43","slug":"mitgliedschaft","status":"publish","type":"page","link":"https:\/\/www.carsharing-hohen-neuendorf.de\/index.php\/mitgliedschaft\/","title":{"rendered":"Mitgliedschaft"},"content":{"rendered":"\n<h2 class=\"wp-block-heading\" id=\"nutzung-der-fahrzeuge\">Nutzung der Fahrzeuge<\/h2>\n\n\n\n<p class=\"has-black-color has-text-color\">F\u00fcr die Nutzung der Fahrzeuge ist eine Mitgliedschaft im Verein erforderlich. Bitte beachten Sie unsere <a href=\"https:\/\/www.carsharing-hohen-neuendorf.de\/wp-content\/uploads\/2024\/05\/Nutzungsbedingungen_Carsharing_HN_V1.3.pdf\" data-type=\"attachment\" data-id=\"848\">Nutzungsbedingungen<\/a>.<\/p>\n\n\n\n<p><\/p>\n\n\n\n<h2 class=\"wp-block-heading\" id=\"regelmassige-nutzung-der-fahrzeuge\">Regelm\u00e4\u00dfige Nutzung der Fahrzeuge<\/h2>\n\n\n\n<p class=\"has-black-color has-text-color\">Wenn sie die Fahrzeuge des Verein regelm\u00e4\u00dfig nutzen wollen (z.B. 1 bis 2 Stunden pro Woche oder h\u00e4ufiger), dann kann ein Vielnutzer-Vertrag sinnvoll sein. Schauen Sie dazu bitte auch in unsere <a href=\"https:\/\/www.carsharing-hohen-neuendorf.de\/index.php\/tarife\/\" data-type=\"page\" data-id=\"527\">Tarif\u00fcbersicht<\/a> und auf die Info-Seite \u00fcber unseren <a href=\"https:\/\/carsharing-hohen-neuendorf.de\/wordpress\/index.php\/verein\/\" data-type=\"page\" data-id=\"52\">Verein<\/a>.<\/p>\n\n\n\n<p class=\"has-black-color has-text-color\">Senden Sie uns bei Interesse an einem solchen Vielnutzer-Vertrag gerne eine E-Mail an <a href=\"mailto:info@carsharing-hohen-neuendorf.de?subject=Mitgliedsantrag Regelm\u00e4\u00dfiger Nutzer\">info@carsharing-hohen-neuendorf.de<\/a><\/p>\n\n\n\n<h2 class=\"wp-block-heading\" id=\"mitmachen\">Mitmachen<\/h2>\n\n\n\n<p class=\"has-black-color has-text-color\">Wenn Sie in unserem Verein mitarbeiten m\u00f6chten, z.B. als Autopate oder Autopatin, bei der Organisation weiterer Standorte oder mit dem Einbringen eines eigenen Fahrzeuges in den Carsharing Verein, dann ist eine stimmberechtigte Mitgliedschaft sinnvoll. Unsere Satzung und weitere Informationen \u00fcber unseren Verein finden sie hier: <a href=\"https:\/\/carsharing-hohen-neuendorf.de\/wordpress\/index.php\/verein\/\" data-type=\"page\" data-id=\"52\">Verein<\/a>.<\/p>\n\n\n\n<p class=\"has-black-color has-text-color\">Senden Sie uns bei Interesse an einer Mitgliedschaft gerne eine E-mail an <a href=\"mailto:info@carsharing-hohen-neuendorf.de?subject=Mitgliedsantrag Vollmitglied\">info@carsharing-hohen-neuendorf.de<\/a>. Nach einem kurzen Gespr\u00e4ch senden wir Ihnen dann gerne einen Aufnahmeantrag zu.<\/p>\n\n\n\n<p class=\"has-black-color has-text-color\"><a href=\"https:\/\/www.carsharing-hohen-neuendorf.de\/wp-content\/uploads\/2024\/06\/Broschuere-2024-V1.2.pdf\" data-type=\"attachment\" data-id=\"882\">Aktuelle Brosch\u00fcre<\/a><\/p>\n\n\n\n<p><\/p>\n\n\n\n<div class=\"wp-block-buttons is-content-justification-center is-layout-flex wp-container-core-buttons-is-layout-16018d1d wp-block-buttons-is-layout-flex\">\n<div class=\"wp-block-button has-custom-font-size has-medium-font-size\"><a class=\"wp-block-button__link wp-element-button\" href=\"https:\/\/de1.cantamen.de\/pub\/okw\/form?orgnr=138&amp;package=&amp;authKey=de3ac4af-8675-66f7-6cb6-bd8e83094b64&amp;product=einzel_wok\">Jetzt f\u00fcr Start-, Basis- oder Vielfahrtarif registrieren<\/a><\/div>\n<\/div>\n","protected":false},"excerpt":{"rendered":"<p>Nutzung der Fahrzeuge F\u00fcr die Nutzung der Fahrzeuge ist eine Mitgliedschaft im Verein erforderlich. Bitte beachten Sie unsere Nutzungsbedingungen. Regelm\u00e4\u00dfige Nutzung der Fahrzeuge Wenn sie die Fahrzeuge des Verein regelm\u00e4\u00dfig nutzen wollen (z.B. 1 bis 2 Stunden pro Woche oder h\u00e4ufiger), dann kann ein Vielnutzer-Vertrag sinnvoll sein. Schauen Sie dazu bitte auch in unsere Tarif\u00fcbersicht [&hellip;]<\/p>\n","protected":false},"author":2,"featured_media":0,"parent":0,"menu_order":0,"comment_status":"closed","ping_status":"closed","template":"","meta":{"_regular_price":[],"currency_symbol":[],"footnotes":""},"class_list":["post-377","page","type-page","status-publish","hentry"],"post_slider_layout_featured_media_urls":{"thumbnail":"","post_slider_layout_landscape_large":"","post_slider_layout_portrait_large":"","post_slider_layout_square_large":"","post_slider_layout_landscape":"","post_slider_layout_portrait":"","post_slider_layout_square":"","full":""},"_links":{"self":[{"href":"https:\/\/www.carsharing-hohen-neuendorf.de\/index.php\/wp-json\/wp\/v2\/pages\/377","targetHints":{"allow":["GET"]}}],"collection":[{"href":"https:\/\/www.carsharing-hohen-neuendorf.de\/index.php\/wp-json\/wp\/v2\/pages"}],"about":[{"href":"https:\/\/www.carsharing-hohen-neuendorf.de\/index.php\/wp-json\/wp\/v2\/types\/page"}],"author":[{"embeddable":true,"href":"https:\/\/www.carsharing-hohen-neuendorf.de\/index.php\/wp-json\/wp\/v2\/users\/2"}],"replies":[{"embeddable":true,"href":"https:\/\/www.carsharing-hohen-neuendorf.de\/index.php\/wp-json\/wp\/v2\/comments?post=377"}],"version-history":[{"count":28,"href":"https:\/\/www.carsharing-hohen-neuendorf.de\/index.php\/wp-json\/wp\/v2\/pages\/377\/revisions"}],"predecessor-version":[{"id":1002,"href":"https:\/\/www.carsharing-hohen-neuendorf.de\/index.php\/wp-json\/wp\/v2\/pages\/377\/revisions\/1002"}],"wp:attachment":[{"href":"https:\/\/www.carsharing-hohen-neuendorf.de\/index.php\/wp-json\/wp\/v2\/media?parent=377"}],"curies":[{"name":"wp","href":"https:\/\/api.w.org\/{rel}","templated":true}]}}