{"id":265,"date":"2022-02-07T07:00:21","date_gmt":"2022-02-07T08:00:21","guid":{"rendered":"https:\/\/carsharing-hohen-neuendorf.de\/wordpress\/?page_id=265"},"modified":"2022-02-22T06:08:41","modified_gmt":"2022-02-22T07:08:41","slug":"buchungskalender-egolf","status":"publish","type":"page","link":"https:\/\/www.carsharing-hohen-neuendorf.de\/index.php\/buchungskalender-egolf\/","title":{"rendered":"Buchungskalender Volkswagen eGolf Hohen Neuendorf"},"content":{"rendered":"\n<p class=\"has-vivid-red-color has-text-color\">Leider gibt es derzeit noch ein paar technische Probleme bei der Einbindung unserer Fahrzeuge in die Flinkster-Plattform. Bitte nutzen Sie daher bis auf Weiteres die Buchungskalender auf dieser Webseite f\u00fcr die Buchung.<\/p>\n\n\n\n<p class=\"has-black-color has-text-color\">Bitte beachten Sie, dass der Volkswagen eGolf nicht f\u00fcr lange (Urlaubs-) Fahrten geeignet ist, da er \u00fcber keine Schnelladef\u00e4higkeit verf\u00fcgt. Er muss alle ca. 130 km f\u00fcr ca. 6 Stunden geladen werden. Der eGolf ist daher eher f\u00fcr einen Tages-Umkreis von 60 km geeignet bzw. f\u00fcr Tagestouren von maximal 120 km. F\u00fcr l\u00e4ngere Fahrten ist derzeit eher der Renault Zoe in Borgsdorf geeignet, da man diesen auch an Schnell-Lades\u00e4ulen laden kann.<\/p>\n\n\n\n<p><iframe loading=\"lazy\" src=\"https:\/\/calendar.google.com\/calendar\/embed?src=6s8aprlrsven4j7s1u53ehvth4%40group.calendar.google.com&amp;ctz=Europe%2FBerlin\" style=\"border: 0\" scrolling=\"no\" width=\"800\" height=\"600\" frameborder=\"0\"><\/iframe><\/p>\n\n\n\n<p class=\"has-black-color has-text-color has-medium-font-size\">In diesem Kalender sind alle bisherigen Buchungen dargestellt.<br>F\u00fcr eine Buchungsanfrage senden Sie bitte eine E-Mail an <a href=\"mailto: info@carsharing-hohen-neuendorf.de?subject=Buchungsanfrage eGolf&amp;body=Ich m\u00f6chte gerne den eGolf am xx.xx.2022 von xx:xx uhr bis xx:xx Uhr buchen.\">info@carsharing-hohen-neuendorf.de<\/a><\/p>\n","protected":false},"excerpt":{"rendered":"<p>Leider gibt es derzeit noch ein paar technische Probleme bei der Einbindung unserer Fahrzeuge in die Flinkster-Plattform. Bitte nutzen Sie daher bis auf Weiteres die Buchungskalender auf dieser Webseite f\u00fcr die Buchung. Bitte beachten Sie, dass der Volkswagen eGolf nicht f\u00fcr lange (Urlaubs-) Fahrten geeignet ist, da er \u00fcber keine Schnelladef\u00e4higkeit verf\u00fcgt. Er muss alle [&hellip;]<\/p>\n","protected":false},"author":2,"featured_media":0,"parent":0,"menu_order":0,"comment_status":"closed","ping_status":"closed","template":"","meta":{"_regular_price":[],"currency_symbol":[],"footnotes":""},"class_list":["post-265","page","type-page","status-publish","hentry"],"post_slider_layout_featured_media_urls":{"thumbnail":"","post_slider_layout_landscape_large":"","post_slider_layout_portrait_large":"","post_slider_layout_square_large":"","post_slider_layout_landscape":"","post_slider_layout_portrait":"","post_slider_layout_square":"","full":""},"_links":{"self":[{"href":"https:\/\/www.carsharing-hohen-neuendorf.de\/index.php\/wp-json\/wp\/v2\/pages\/265","targetHints":{"allow":["GET"]}}],"collection":[{"href":"https:\/\/www.carsharing-hohen-neuendorf.de\/index.php\/wp-json\/wp\/v2\/pages"}],"about":[{"href":"https:\/\/www.carsharing-hohen-neuendorf.de\/index.php\/wp-json\/wp\/v2\/types\/page"}],"author":[{"embeddable":true,"href":"https:\/\/www.carsharing-hohen-neuendorf.de\/index.php\/wp-json\/wp\/v2\/users\/2"}],"replies":[{"embeddable":true,"href":"https:\/\/www.carsharing-hohen-neuendorf.de\/index.php\/wp-json\/wp\/v2\/comments?post=265"}],"version-history":[{"count":10,"href":"https:\/\/www.carsharing-hohen-neuendorf.de\/index.php\/wp-json\/wp\/v2\/pages\/265\/revisions"}],"predecessor-version":[{"id":446,"href":"https:\/\/www.carsharing-hohen-neuendorf.de\/index.php\/wp-json\/wp\/v2\/pages\/265\/revisions\/446"}],"wp:attachment":[{"href":"https:\/\/www.carsharing-hohen-neuendorf.de\/index.php\/wp-json\/wp\/v2\/media?parent=265"}],"curies":[{"name":"wp","href":"https:\/\/api.w.org\/{rel}","templated":true}]}}