{"id":136,"date":"2022-02-04T16:43:31","date_gmt":"2022-02-04T16:43:31","guid":{"rendered":"https:\/\/carsharing-hohen-neuendorf.de\/wordpress\/?page_id=136"},"modified":"2026-03-21T10:13:27","modified_gmt":"2026-03-21T11:13:27","slug":"vielfahrtarif","status":"publish","type":"page","link":"https:\/\/www.carsharing-hohen-neuendorf.de\/index.php\/vielfahrtarif\/","title":{"rendered":"Vielfahrtarif"},"content":{"rendered":"\n<p class=\"has-text-color\" style=\"color:#39b449\">27 \u20ac monatliche Grundgeb\u00fchr<\/p>\n\n\n\n<figure class=\"wp-block-table is-style-stripes has-medium-font-size\"><table class=\"has-black-color has-text-color\"><tbody><tr><td>Klasse<\/td><td><strong>S (Klein)<\/strong><\/td><td><strong>M (Kompakt)<\/strong><\/td><td><strong>XL (Kleinbus)<\/strong><\/td><\/tr><tr><td>Modell<\/td><td><strong>Renault Zoe<\/strong><\/td><td><strong>Tesla Model 3<\/strong><\/td><td><strong>Toyota PROACE<\/strong><\/td><\/tr><tr><td>Stunde (6 &#8211; 24 Uhr)<\/td><td>\u20ac 2,40\/Std.<\/td><td>\u20ac 3,00\/Std.<\/td><td>\u20ac 5,00\/Std.<\/td><\/tr><tr><td>Stunde (0 &#8211; 06 Uhr)<\/td><td>\u20ac 0,50\/Std.<\/td><td>\u20ac 0,50\/Std.<\/td><td>\u20ac 1,00\/Std.<\/td><\/tr><tr><td>Tag (24 Stunden)<\/td><td>\u20ac 28<em>\/Tag<\/em><\/td><td>\u20ac 32<em>\/Tag<\/em><\/td><td>\u20ac <em>52\/Tag<\/em><\/td><\/tr><tr><td>Woche (7 Tage)<\/td><td>\u20ac 120<em>\/Woche<\/em><\/td><td>\u20ac 130<em>\/Woche<\/em><\/td><td>\u20ac 230<em>\/Woche<\/em><\/td><\/tr><tr><td>pro Kilometer (\u2264100km)<\/td><td>\u20ac 0,28<em>\/km<\/em><\/td><td>\u20ac 0,30<em>\/km<\/em><\/td><td>\u20ac 0,32<em>\/km<\/em><\/td><\/tr><tr><td>pro Kilometer (&gt;100 km)<\/td><td>\u20ac 0,22<em>\/km<\/em><\/td><td>\u20ac 0,24<em>\/km<\/em><\/td><td>\u20ac 0,28<em>\/km<\/em><\/td><\/tr><\/tbody><\/table><\/figure>\n\n\n\n<p class=\"has-black-color has-text-color\"><\/p>\n\n\n\n<p class=\"has-vivid-red-color has-text-color\">Bitte beachten Sie, dass Sie f\u00fcr den oben angezeigten &#8222;Vielfahr&#8220;-Tarif einen <a href=\"https:\/\/www.carsharing-hohen-neuendorf.de\/wp-content\/uploads\/2024\/03\/Nutzervertrag_Carsharing_Hohen_Neuendorf_V1.2.pdf\" data-type=\"attachment\" data-id=\"816\">Vielfahr-Vertrag<\/a> mit dem Verein schlie\u00dfen, eine Aufnahmegeb\u00fchr (40 \u20ac) und eine monatliche Grundgeb\u00fchr (27 \u20ac) zahlen (siehe dazu unsere <a href=\"https:\/\/www.carsharing-hohen-neuendorf.de\/wp-content\/uploads\/2026\/03\/Gebuehrenordnung_Carsharing_HN_V1.11.pdf\" data-type=\"link\" data-id=\"https:\/\/www.carsharing-hohen-neuendorf.de\/wp-content\/uploads\/2024\/08\/Gebuehrenordnung_Carsharing_HN_V1.10.pdf\" target=\"_blank\" rel=\"noreferrer noopener\">Geb\u00fchrenordnung<\/a>).<\/p>\n\n\n\n<p class=\"has-black-color has-text-color\">Kommunen, Gemeinden, gewerbliche Nutzer oder Vereine, die das Carsharing f\u00fcr ihre Firmenfahrzeuge nutzen m\u00f6chten, erhalten als sogenannte &#8222;Ankermieter&#8220; spezielle Konditionen, die grunds\u00e4tzlich verhandelbar sind. Bitte kontaktieren Sie uns, wenn Sie daran Interesse haben: <a rel=\"noreferrer noopener\" href=\"mailto:info@carsharing-hohen-neunedorf.de?subject=Ankermieter Anfrage Sonderkonditionen\" target=\"_blank\">info@carsharing-hohen-neuendorf.de<\/a><\/p>\n\n\n\n<p class=\"has-black-color has-text-color\"><a href=\"https:\/\/www.carsharing-hohen-neuendorf.de\/wp-content\/uploads\/2024\/06\/Broschuere-2024-V1.2.pdf\" data-type=\"attachment\" data-id=\"888\" target=\"_blank\" rel=\"noreferrer noopener\">Aktuelle Brosch\u00fcre<\/a><\/p>\n","protected":false},"excerpt":{"rendered":"<p>27 \u20ac monatliche Grundgeb\u00fchr Klasse S (Klein) M (Kompakt) XL (Kleinbus) Modell Renault Zoe Tesla Model 3 Toyota PROACE Stunde (6 &#8211; 24 Uhr) \u20ac 2,40\/Std. \u20ac 3,00\/Std. \u20ac 5,00\/Std. Stunde (0 &#8211; 06 Uhr) \u20ac 0,50\/Std. \u20ac 0,50\/Std. \u20ac 1,00\/Std. Tag (24 Stunden) \u20ac 28\/Tag \u20ac 32\/Tag \u20ac 52\/Tag Woche (7 Tage) \u20ac 120\/Woche [&hellip;]<\/p>\n","protected":false},"author":2,"featured_media":0,"parent":0,"menu_order":0,"comment_status":"closed","ping_status":"closed","template":"","meta":{"_regular_price":[],"currency_symbol":[],"footnotes":""},"class_list":["post-136","page","type-page","status-publish","hentry"],"post_slider_layout_featured_media_urls":{"thumbnail":"","post_slider_layout_landscape_large":"","post_slider_layout_portrait_large":"","post_slider_layout_square_large":"","post_slider_layout_landscape":"","post_slider_layout_portrait":"","post_slider_layout_square":"","full":""},"_links":{"self":[{"href":"https:\/\/www.carsharing-hohen-neuendorf.de\/index.php\/wp-json\/wp\/v2\/pages\/136","targetHints":{"allow":["GET"]}}],"collection":[{"href":"https:\/\/www.carsharing-hohen-neuendorf.de\/index.php\/wp-json\/wp\/v2\/pages"}],"about":[{"href":"https:\/\/www.carsharing-hohen-neuendorf.de\/index.php\/wp-json\/wp\/v2\/types\/page"}],"author":[{"embeddable":true,"href":"https:\/\/www.carsharing-hohen-neuendorf.de\/index.php\/wp-json\/wp\/v2\/users\/2"}],"replies":[{"embeddable":true,"href":"https:\/\/www.carsharing-hohen-neuendorf.de\/index.php\/wp-json\/wp\/v2\/comments?post=136"}],"version-history":[{"count":52,"href":"https:\/\/www.carsharing-hohen-neuendorf.de\/index.php\/wp-json\/wp\/v2\/pages\/136\/revisions"}],"predecessor-version":[{"id":1058,"href":"https:\/\/www.carsharing-hohen-neuendorf.de\/index.php\/wp-json\/wp\/v2\/pages\/136\/revisions\/1058"}],"wp:attachment":[{"href":"https:\/\/www.carsharing-hohen-neuendorf.de\/index.php\/wp-json\/wp\/v2\/media?parent=136"}],"curies":[{"name":"wp","href":"https:\/\/api.w.org\/{rel}","templated":true}]}}